{"id":688,"date":"2022-10-11T11:32:14","date_gmt":"2022-10-11T09:32:14","guid":{"rendered":"https:\/\/sinom.se\/?page_id=688"},"modified":"2026-02-18T23:01:32","modified_gmt":"2026-02-18T21:01:32","slug":"kontakta-oss","status":"publish","type":"page","link":"https:\/\/sinom.se\/en\/kontakta-oss\/","title":{"rendered":"Contact Us"},"content":{"rendered":"\t\t<div data-elementor-type=\"wp-page\" data-elementor-id=\"688\" class=\"elementor elementor-688\" data-elementor-post-type=\"page\">\n\t\t\t\t<div class=\"elementor-element elementor-element-324df52 e-flex e-con-boxed e-con e-parent\" data-id=\"324df52\" data-element_type=\"container\" data-e-type=\"container\" data-settings=\"{&quot;background_background&quot;:&quot;classic&quot;}\">\n\t\t\t\t\t<div class=\"e-con-inner\">\n\t\t<div class=\"elementor-element elementor-element-6e419cc e-con-full e-flex e-con e-child\" data-id=\"6e419cc\" data-element_type=\"container\" data-e-type=\"container\" data-settings=\"{&quot;background_background&quot;:&quot;classic&quot;}\">\n\t\t<div class=\"elementor-element elementor-element-6472207 e-con-full e-flex e-con e-child\" data-id=\"6472207\" data-element_type=\"container\" data-e-type=\"container\" data-settings=\"{&quot;background_background&quot;:&quot;classic&quot;}\">\n\t\t\t\t<div class=\"elementor-element elementor-element-7ba11ae elementor-widget elementor-widget-image\" data-id=\"7ba11ae\" data-element_type=\"widget\" data-e-type=\"widget\" data-widget_type=\"image.default\">\n\t\t\t\t<div class=\"elementor-widget-container\">\n\t\t\t\t\t\t\t\t\t\t\t\t\t\t\t<img decoding=\"async\" width=\"150\" height=\"150\" data-src=\"https:\/\/i0.wp.com\/sinom.se\/wp-content\/uploads\/2022\/12\/background-larg-logo-dark-purple.png?resize=150%2C150&amp;ssl=1\" class=\"attachment-thumbnail size-thumbnail wp-image-2038 lazyload\" alt=\"Sinom\" data-srcset=\"https:\/\/i0.wp.com\/sinom.se\/wp-content\/uploads\/2022\/12\/background-larg-logo-dark-purple.png?w=1262&amp;ssl=1 1262w, https:\/\/i0.wp.com\/sinom.se\/wp-content\/uploads\/2022\/12\/background-larg-logo-dark-purple.png?resize=300%2C300&amp;ssl=1 300w, https:\/\/i0.wp.com\/sinom.se\/wp-content\/uploads\/2022\/12\/background-larg-logo-dark-purple.png?resize=1024%2C1024&amp;ssl=1 1024w, https:\/\/i0.wp.com\/sinom.se\/wp-content\/uploads\/2022\/12\/background-larg-logo-dark-purple.png?resize=150%2C150&amp;ssl=1 150w, https:\/\/i0.wp.com\/sinom.se\/wp-content\/uploads\/2022\/12\/background-larg-logo-dark-purple.png?resize=768%2C768&amp;ssl=1 768w\" data-sizes=\"(max-width: 150px) 100vw, 150px\" src=\"data:image\/svg+xml;base64,PHN2ZyB3aWR0aD0iMSIgaGVpZ2h0PSIxIiB4bWxucz0iaHR0cDovL3d3dy53My5vcmcvMjAwMC9zdmciPjwvc3ZnPg==\" style=\"--smush-placeholder-width: 150px; --smush-placeholder-aspect-ratio: 150\/150;\" \/>\t\t\t\t\t\t\t\t\t\t\t\t\t\t\t<\/div>\n\t\t\t\t<\/div>\n\t\t\t\t<div class=\"elementor-element elementor-element-70ab1da elementor-widget elementor-widget-heading\" data-id=\"70ab1da\" data-element_type=\"widget\" data-e-type=\"widget\" data-widget_type=\"heading.default\">\n\t\t\t\t<div class=\"elementor-widget-container\">\n\t\t\t\t\t<h1 class=\"elementor-heading-title elementor-size-default\">Kontakta Oss<\/h1>\t\t\t\t<\/div>\n\t\t\t\t<\/div>\n\t\t\t\t<div class=\"elementor-element elementor-element-6d95e72 elementor-widget elementor-widget-text-editor\" data-id=\"6d95e72\" data-element_type=\"widget\" data-e-type=\"widget\" data-widget_type=\"text-editor.default\">\n\t\t\t\t<div class=\"elementor-widget-container\">\n\t\t\t\t\t\t\t\t\tNyfiken p\u00e5 att veta mer om Sinom eller har du en fr\u00e5ga till oss? V\u00e4lkommen att h\u00f6ra av dig!\t\t\t\t\t\t\t\t<\/div>\n\t\t\t\t<\/div>\n\t\t\t\t<\/div>\n\t\t<div class=\"elementor-element elementor-element-8a9c681 e-con-full e-flex e-con e-child\" data-id=\"8a9c681\" data-element_type=\"container\" data-e-type=\"container\" data-settings=\"{&quot;background_background&quot;:&quot;classic&quot;}\">\n\t\t\t\t<div class=\"elementor-element elementor-element-bcaf914 elementor-widget__width-initial elementor-widget-tablet__width-inherit elementor-widget-mobile_extra__width-inherit elementor-widget-mobile__width-inherit elementor-widget elementor-widget-wpforms\" data-id=\"bcaf914\" data-element_type=\"widget\" data-e-type=\"widget\" data-widget_type=\"wpforms.default\">\n\t\t\t\t<div class=\"elementor-widget-container\">\n\t\t\t\t\t<style id=\"wpforms-css-vars-elementor-widget-bcaf914\">\n\t\t\t\t.elementor-widget-wpforms.elementor-element-bcaf914 {\n\t\t\t\t--wpforms-field-border-radius: 10px;\n--wpforms-field-border-color: #00000000;\n--wpforms-field-border-color-spare: #00000000;\n--wpforms-field-text-color: #000000E6;\n--wpforms-button-background-color: #6700EA;\n\t\t\t}\n\t\t\t<\/style><div class=\"wpforms-container wpforms-container-full wpforms-render-modern\" id=\"wpforms-9040\"><form id=\"wpforms-form-9040\" class=\"wpforms-validate wpforms-form wpforms-ajax-form\" data-formid=\"9040\" method=\"post\" enctype=\"multipart\/form-data\" action=\"\/en\/wp-json\/wp\/v2\/pages\/688\" data-token=\"282aa24101e1d899b1814978470d48cf\" data-token-time=\"1776387114\"><noscript class=\"wpforms-error-noscript\">Please enable JavaScript in your browser to complete this form.<\/noscript><div id=\"wpforms-error-noscript\" style=\"display: none;\">Please enable JavaScript in your browser to complete this form.<\/div><div class=\"wpforms-field-container\"><div id=\"wpforms-9040-field_1-container\" class=\"wpforms-field wpforms-field-name\" data-field-id=\"1\"><fieldset><legend class=\"wpforms-field-label wpforms-label-hide\" aria-hidden=\"false\">Namn <span class=\"wpforms-required-label\" aria-hidden=\"true\">*<\/span><\/legend><div class=\"wpforms-field-row wpforms-field-large\"><div class=\"wpforms-field-row-block wpforms-first wpforms-one-half\"><input type=\"text\" id=\"wpforms-9040-field_1\" class=\"wpforms-field-name-first wpforms-field-required\" name=\"wpforms[fields][1][first]\" placeholder=\"F\u00f6rnamn\" aria-errormessage=\"wpforms-9040-field_1-error\" required><label for=\"wpforms-9040-field_1\" class=\"wpforms-field-sublabel after wpforms-sublabel-hide\">First<\/label><\/div><div class=\"wpforms-field-row-block wpforms-one-half\"><input type=\"text\" id=\"wpforms-9040-field_1-last\" class=\"wpforms-field-name-last wpforms-field-required\" name=\"wpforms[fields][1][last]\" placeholder=\"Efternamn\" aria-errormessage=\"wpforms-9040-field_1-last-error\" required><label for=\"wpforms-9040-field_1-last\" class=\"wpforms-field-sublabel after wpforms-sublabel-hide\">Last<\/label><\/div><\/div><\/fieldset><\/div>\t\t<div id=\"wpforms-9040-field_6-container\"\n\t\t\tclass=\"wpforms-field wpforms-field-text\"\n\t\t\tdata-field-type=\"text\"\n\t\t\tdata-field-id=\"6\"\n\t\t\t>\n\t\t\t<label class=\"wpforms-field-label\" for=\"wpforms-9040-field_6\" >F\u00f6retag Telefonnummer Email<\/label>\n\t\t\t<input type=\"text\" id=\"wpforms-9040-field_6\" class=\"wpforms-field-medium\" name=\"wpforms[fields][6]\" >\n\t\t<\/div>\n\t\t<div id=\"wpforms-9040-field_2-container\" class=\"wpforms-field wpforms-field-email\" data-field-id=\"2\"><label class=\"wpforms-field-label wpforms-label-hide\" for=\"wpforms-9040-field_2\" aria-hidden=\"false\">Email <span class=\"wpforms-required-label\" aria-hidden=\"true\">*<\/span><\/label><input type=\"email\" id=\"wpforms-9040-field_2\" class=\"wpforms-field-large wpforms-field-required\" name=\"wpforms[fields][2]\" placeholder=\"E-post\" spellcheck=\"false\" aria-errormessage=\"wpforms-9040-field_2-error\" required><\/div><div id=\"wpforms-9040-field_5-container\" class=\"wpforms-field wpforms-field-number\" data-field-id=\"5\"><label class=\"wpforms-field-label wpforms-label-hide\" for=\"wpforms-9040-field_5\" aria-hidden=\"false\">Telefonnummer <span class=\"wpforms-required-label\" aria-hidden=\"true\">*<\/span><\/label><input type=\"number\" id=\"wpforms-9040-field_5\" class=\"wpforms-field-large wpforms-field-required\" name=\"wpforms[fields][5]\" placeholder=\"Telefonnummer\" step=\"any\" aria-errormessage=\"wpforms-9040-field_5-error\" required><\/div><div id=\"wpforms-9040-field_4-container\" class=\"wpforms-field wpforms-field-text\" data-field-id=\"4\"><label class=\"wpforms-field-label wpforms-label-hide\" for=\"wpforms-9040-field_4\" aria-hidden=\"false\">F\u00f6retag <span class=\"wpforms-required-label\" aria-hidden=\"true\">*<\/span><\/label><input type=\"text\" id=\"wpforms-9040-field_4\" class=\"wpforms-field-large wpforms-field-required\" name=\"wpforms[fields][4]\" placeholder=\"F\u00f6retag\" aria-errormessage=\"wpforms-9040-field_4-error\" required><\/div><div id=\"wpforms-9040-field_3-container\" class=\"wpforms-field wpforms-field-textarea\" data-field-id=\"3\"><label class=\"wpforms-field-label wpforms-label-hide\" for=\"wpforms-9040-field_3\" aria-hidden=\"false\">Medelande <span class=\"wpforms-required-label\" aria-hidden=\"true\">*<\/span><\/label><textarea id=\"wpforms-9040-field_3\" class=\"wpforms-field-medium wpforms-field-required\" name=\"wpforms[fields][3]\" placeholder=\"Medelande\" aria-errormessage=\"wpforms-9040-field_3-error\" required><\/textarea><\/div><script>\n\t\t\t\t( function() {\n\t\t\t\t\tconst style = document.createElement( 'style' );\n\t\t\t\t\tstyle.appendChild( document.createTextNode( '#wpforms-9040-field_6-container { position: absolute !important; overflow: hidden !important; display: inline !important; height: 1px !important; width: 1px !important; z-index: -1000 !important; padding: 0 !important; } #wpforms-9040-field_6-container input { visibility: hidden; } #wpforms-conversational-form-page #wpforms-9040-field_6-container label { counter-increment: none; }' ) );\n\t\t\t\t\tdocument.head.appendChild( style );\n\t\t\t\t\tdocument.currentScript?.remove();\n\t\t\t\t} )();\n\t\t\t<\/script><\/div><!-- .wpforms-field-container --><div class=\"wpforms-recaptcha-container wpforms-is-recaptcha wpforms-is-recaptcha-type-v3\" ><input type=\"hidden\" name=\"wpforms[recaptcha]\" value=\"\"><\/div><div class=\"wpforms-submit-container\" ><input type=\"hidden\" name=\"wpforms[id]\" value=\"9040\"><input type=\"hidden\" name=\"page_title\" value=\"\"><input type=\"hidden\" name=\"page_url\" value=\"https:\/\/sinom.se\/en\/wp-json\/wp\/v2\/pages\/688\"><input type=\"hidden\" name=\"url_referer\" value=\"\"><button type=\"submit\" name=\"wpforms[submit]\" id=\"wpforms-submit-9040\" class=\"wpforms-submit\" data-alt-text=\"skickar...\" data-submit-text=\"Skicka\" aria-live=\"assertive\" value=\"wpforms-submit\">Skicka<\/button><img decoding=\"async\" data-src=\"https:\/\/sinom.se\/wp-content\/plugins\/wpforms-lite\/assets\/images\/submit-spin.svg\" class=\"wpforms-submit-spinner lazyload\" style=\"--smush-placeholder-width: 26px; --smush-placeholder-aspect-ratio: 26\/26;display: none;\" width=\"26\" height=\"26\" alt=\"Loading\" src=\"data:image\/svg+xml;base64,PHN2ZyB3aWR0aD0iMSIgaGVpZ2h0PSIxIiB4bWxucz0iaHR0cDovL3d3dy53My5vcmcvMjAwMC9zdmciPjwvc3ZnPg==\"><\/div><\/form><\/div>  <!-- .wpforms-container -->\t\t\t\t<\/div>\n\t\t\t\t<\/div>\n\t\t\t\t<\/div>\n\t\t<div class=\"elementor-element elementor-element-4d424e2 e-con-full e-flex e-con e-child\" data-id=\"4d424e2\" data-element_type=\"container\" data-e-type=\"container\" data-settings=\"{&quot;background_background&quot;:&quot;classic&quot;}\">\n\t\t\t\t<div class=\"elementor-element elementor-element-74f3b7e elementor-widget elementor-widget-text-editor\" data-id=\"74f3b7e\" data-element_type=\"widget\" data-e-type=\"widget\" data-widget_type=\"text-editor.default\">\n\t\t\t\t<div class=\"elementor-widget-container\">\n\t\t\t\t\t\t\t\t\tDenna webbplats \u00e4r skyddad av reCAPTCHA och Google <a href=\"https:\/\/policies.google.com\/privacy\">Sekretesspolicy<\/a> och <a href=\"https:\/\/policies.google.com\/terms\">Anv\u00e4ndarvillkor<\/a> g\u00e4ller.\t\t\t\t\t\t\t\t<\/div>\n\t\t\t\t<\/div>\n\t\t\t\t<\/div>\n\t\t\t\t<\/div>\n\t\t\t\t\t<\/div>\n\t\t\t\t<\/div>\n\t\t<div class=\"elementor-element elementor-element-a40e7f6 e-flex e-con-boxed e-con e-parent\" data-id=\"a40e7f6\" data-element_type=\"container\" data-e-type=\"container\">\n\t\t\t\t\t<div class=\"e-con-inner\">\n\t\t\t\t<div class=\"elementor-element elementor-element-da8b41f elementor-widget elementor-widget-heading\" data-id=\"da8b41f\" data-element_type=\"widget\" data-e-type=\"widget\" data-widget_type=\"heading.default\">\n\t\t\t\t<div class=\"elementor-widget-container\">\n\t\t\t\t\t<h2 class=\"elementor-heading-title elementor-size-default\">Kontakta v\u00e5rt s\u00e4ljteam<\/h2>\t\t\t\t<\/div>\n\t\t\t\t<\/div>\n\t\t\t\t\t<\/div>\n\t\t\t\t<\/div>\n\t\t<div class=\"elementor-element elementor-element-d2a21da e-grid e-con-boxed e-con e-parent\" data-id=\"d2a21da\" data-element_type=\"container\" data-e-type=\"container\">\n\t\t\t\t\t<div class=\"e-con-inner\">\n\t\t\t\t<div class=\"elementor-element elementor-element-115c3c6 elementor-widget elementor-widget-spacer\" data-id=\"115c3c6\" data-element_type=\"widget\" data-e-type=\"widget\" data-widget_type=\"spacer.default\">\n\t\t\t\t<div class=\"elementor-widget-container\">\n\t\t\t\t\t\t\t<div class=\"elementor-spacer\">\n\t\t\t<div class=\"elementor-spacer-inner\"><\/div>\n\t\t<\/div>\n\t\t\t\t\t\t<\/div>\n\t\t\t\t<\/div>\n\t\t\t\t<div class=\"elementor-element elementor-element-7794885 elementor-position-top elementor-widget elementor-widget-image-box\" data-id=\"7794885\" data-element_type=\"widget\" data-e-type=\"widget\" data-widget_type=\"image-box.default\">\n\t\t\t\t<div class=\"elementor-widget-container\">\n\t\t\t\t\t<div class=\"elementor-image-box-wrapper\"><figure class=\"elementor-image-box-img\"><img fetchpriority=\"high\" decoding=\"async\" width=\"768\" height=\"1152\" src=\"https:\/\/i0.wp.com\/sinom.se\/wp-content\/uploads\/2026\/02\/Andreas_Toll.png?fit=768%2C1152&amp;ssl=1\" class=\"attachment-medium_large size-medium_large wp-image-9626\" alt=\"Andreas Toll\" srcset=\"https:\/\/i0.wp.com\/sinom.se\/wp-content\/uploads\/2026\/02\/Andreas_Toll.png?w=1024&amp;ssl=1 1024w, https:\/\/i0.wp.com\/sinom.se\/wp-content\/uploads\/2026\/02\/Andreas_Toll.png?resize=200%2C300&amp;ssl=1 200w, https:\/\/i0.wp.com\/sinom.se\/wp-content\/uploads\/2026\/02\/Andreas_Toll.png?resize=683%2C1024&amp;ssl=1 683w, https:\/\/i0.wp.com\/sinom.se\/wp-content\/uploads\/2026\/02\/Andreas_Toll.png?resize=768%2C1152&amp;ssl=1 768w, https:\/\/i0.wp.com\/sinom.se\/wp-content\/uploads\/2026\/02\/Andreas_Toll.png?resize=8%2C12&amp;ssl=1 8w, https:\/\/i0.wp.com\/sinom.se\/wp-content\/uploads\/2026\/02\/Andreas_Toll.png?resize=600%2C900&amp;ssl=1 600w\" sizes=\"(max-width: 768px) 100vw, 768px\" \/><\/figure><div class=\"elementor-image-box-content\"><h3 class=\"elementor-image-box-title\">Andreas Toll<\/h3><p class=\"elementor-image-box-description\"><b>Business Developer<\/b>\n<br>\nandreas@sinom.se<br>Tel: +46735133614<br>\n<a href=\"https:\/\/outlook.office.com\/bookwithme\/user\/cf47bee8e1f44fe68e1a7295cd09a95e%40sinom.se?anonymous&amp;ismsaljsauthenabled\">Boka ett m\u00f6te<\/a><\/p><\/div><\/div>\t\t\t\t<\/div>\n\t\t\t\t<\/div>\n\t\t\t\t<div class=\"elementor-element elementor-element-14b4aad elementor-position-top elementor-widget elementor-widget-image-box\" data-id=\"14b4aad\" data-element_type=\"widget\" data-e-type=\"widget\" data-widget_type=\"image-box.default\">\n\t\t\t\t<div class=\"elementor-widget-container\">\n\t\t\t\t\t<div class=\"elementor-image-box-wrapper\"><figure class=\"elementor-image-box-img\"><img decoding=\"async\" width=\"768\" height=\"1152\" data-src=\"https:\/\/i0.wp.com\/sinom.se\/wp-content\/uploads\/2026\/02\/Simon_Kostovski_SINOM.png?fit=768%2C1152&amp;ssl=1\" class=\"attachment-medium_large size-medium_large wp-image-9625 lazyload\" alt=\"\" src=\"data:image\/svg+xml;base64,PHN2ZyB3aWR0aD0iMSIgaGVpZ2h0PSIxIiB4bWxucz0iaHR0cDovL3d3dy53My5vcmcvMjAwMC9zdmciPjwvc3ZnPg==\" style=\"--smush-placeholder-width: 768px; --smush-placeholder-aspect-ratio: 768\/1152;\" \/><\/figure><div class=\"elementor-image-box-content\"><h3 class=\"elementor-image-box-title\">Simon Kostovski<\/h3><p class=\"elementor-image-box-description\"><b>Business Developer<\/b>\n<br>\nsimon@sinom.se<br>Tel: +4672080787<br>\n<a href=\"https:\/\/outlook.office.com\/book\/SINOMDemo@sinom.se\/?ismsaljsauthenabled=true\">Boka ett m\u00f6te<\/p><\/div><\/div>\t\t\t\t<\/div>\n\t\t\t\t<\/div>\n\t\t\t\t<div class=\"elementor-element elementor-element-8ca900f elementor-widget elementor-widget-spacer\" data-id=\"8ca900f\" data-element_type=\"widget\" data-e-type=\"widget\" data-widget_type=\"spacer.default\">\n\t\t\t\t<div class=\"elementor-widget-container\">\n\t\t\t\t\t\t\t<div class=\"elementor-spacer\">\n\t\t\t<div class=\"elementor-spacer-inner\"><\/div>\n\t\t<\/div>\n\t\t\t\t\t\t<\/div>\n\t\t\t\t<\/div>\n\t\t\t\t\t<\/div>\n\t\t\t\t<\/div>\n\t\t\t\t<\/div>\n\t\t","protected":false},"excerpt":{"rendered":"<p>Kontakta Oss Nyfiken p\u00e5 att veta mer om Sinom eller har du en fr\u00e5ga till oss? V\u00e4lkommen att h\u00f6ra av dig! Aktivera JavaScript i din webbl\u00e4sare f\u00f6r att fylla i formul\u00e4ret.Aktivera JavaScript i din webbl\u00e4sare f\u00f6r att fylla i formul\u00e4ret. Namn * F\u00f6rstSist Email *Telefonnummer *F\u00f6retag *Medelande * Skicka Denna webbplats \u00e4r skyddad av reCAPTCHA [&hellip;]<\/p>\n","protected":false},"author":1,"featured_media":0,"parent":0,"menu_order":0,"comment_status":"closed","ping_status":"closed","template":"","meta":{"_monsterinsights_skip_tracking":false,"_monsterinsights_sitenote_active":false,"_monsterinsights_sitenote_note":"","_monsterinsights_sitenote_category":0,"footnotes":""},"class_list":["post-688","page","type-page","status-publish","hentry"],"yoast_head":"<!-- This site is optimized with the Yoast SEO plugin v27.1.1 - https:\/\/yoast.com\/product\/yoast-seo-wordpress\/ -->\n<title>Kontakta Oss - SINOM<\/title>\n<meta name=\"robots\" content=\"index, follow, max-snippet:-1, max-image-preview:large, max-video-preview:-1\" \/>\n<link rel=\"canonical\" href=\"https:\/\/sinom.se\/en\/kontakta-oss\/\" \/>\n<meta property=\"og:locale\" content=\"en_GB\" \/>\n<meta property=\"og:type\" content=\"article\" \/>\n<meta property=\"og:title\" content=\"Kontakta Oss - SINOM\" \/>\n<meta property=\"og:description\" content=\"Kontakta Oss Nyfiken p\u00e5 att veta mer om Sinom eller har du en fr\u00e5ga till oss? V\u00e4lkommen att h\u00f6ra av dig! Aktivera JavaScript i din webbl\u00e4sare f\u00f6r att fylla i formul\u00e4ret.Aktivera JavaScript i din webbl\u00e4sare f\u00f6r att fylla i formul\u00e4ret. Namn * F\u00f6rstSist Email *Telefonnummer *F\u00f6retag *Medelande * Skicka Denna webbplats \u00e4r skyddad av reCAPTCHA [&hellip;]\" \/>\n<meta property=\"og:url\" content=\"https:\/\/sinom.se\/en\/kontakta-oss\/\" \/>\n<meta property=\"og:site_name\" content=\"SINOM\" \/>\n<meta property=\"article:modified_time\" content=\"2026-02-18T21:01:32+00:00\" \/>\n<meta property=\"og:image\" content=\"https:\/\/sinom.se\/wp-content\/uploads\/2022\/12\/background-larg-logo-dark-purple-150x150.png\" \/>\n<meta name=\"twitter:card\" content=\"summary_large_image\" \/>\n<meta name=\"twitter:label1\" content=\"Estimated reading time\" \/>\n\t<meta name=\"twitter:data1\" content=\"1 minute\" \/>\n<script type=\"application\/ld+json\" class=\"yoast-schema-graph\">{\"@context\":\"https:\/\/schema.org\",\"@graph\":[{\"@type\":\"WebPage\",\"@id\":\"https:\/\/sinom.se\/kontakta-oss\/\",\"url\":\"https:\/\/sinom.se\/kontakta-oss\/\",\"name\":\"Kontakta Oss - SINOM\",\"isPartOf\":{\"@id\":\"https:\/\/sinom.se\/#website\"},\"primaryImageOfPage\":{\"@id\":\"https:\/\/sinom.se\/kontakta-oss\/#primaryimage\"},\"image\":{\"@id\":\"https:\/\/sinom.se\/kontakta-oss\/#primaryimage\"},\"thumbnailUrl\":\"https:\/\/sinom.se\/wp-content\/uploads\/2022\/12\/background-larg-logo-dark-purple-150x150.png\",\"datePublished\":\"2022-10-11T09:32:14+00:00\",\"dateModified\":\"2026-02-18T21:01:32+00:00\",\"breadcrumb\":{\"@id\":\"https:\/\/sinom.se\/kontakta-oss\/#breadcrumb\"},\"inLanguage\":\"en-GB\",\"potentialAction\":[{\"@type\":\"ReadAction\",\"target\":[\"https:\/\/sinom.se\/kontakta-oss\/\"]}]},{\"@type\":\"ImageObject\",\"inLanguage\":\"en-GB\",\"@id\":\"https:\/\/sinom.se\/kontakta-oss\/#primaryimage\",\"url\":\"https:\/\/sinom.se\/wp-content\/uploads\/2022\/12\/background-larg-logo-dark-purple-150x150.png\",\"contentUrl\":\"https:\/\/sinom.se\/wp-content\/uploads\/2022\/12\/background-larg-logo-dark-purple-150x150.png\"},{\"@type\":\"BreadcrumbList\",\"@id\":\"https:\/\/sinom.se\/kontakta-oss\/#breadcrumb\",\"itemListElement\":[{\"@type\":\"ListItem\",\"position\":1,\"name\":\"Home\",\"item\":\"https:\/\/sinom.se\/\"},{\"@type\":\"ListItem\",\"position\":2,\"name\":\"Kontakta Oss\"}]},{\"@type\":\"WebSite\",\"@id\":\"https:\/\/sinom.se\/#website\",\"url\":\"https:\/\/sinom.se\/\",\"name\":\"SINOM\",\"description\":\"Datadrivet underh\u00e5llssystem\",\"publisher\":{\"@id\":\"https:\/\/sinom.se\/#organization\"},\"potentialAction\":[{\"@type\":\"SearchAction\",\"target\":{\"@type\":\"EntryPoint\",\"urlTemplate\":\"https:\/\/sinom.se\/?s={search_term_string}\"},\"query-input\":{\"@type\":\"PropertyValueSpecification\",\"valueRequired\":true,\"valueName\":\"search_term_string\"}}],\"inLanguage\":\"en-GB\"},{\"@type\":\"Organization\",\"@id\":\"https:\/\/sinom.se\/#organization\",\"name\":\"SINOM\",\"url\":\"https:\/\/sinom.se\/\",\"logo\":{\"@type\":\"ImageObject\",\"inLanguage\":\"en-GB\",\"@id\":\"https:\/\/sinom.se\/#\/schema\/logo\/image\/\",\"url\":\"https:\/\/i0.wp.com\/sinom.se\/wp-content\/uploads\/2020\/08\/sinom-site-logo.png?fit=350%2C85&ssl=1\",\"contentUrl\":\"https:\/\/i0.wp.com\/sinom.se\/wp-content\/uploads\/2020\/08\/sinom-site-logo.png?fit=350%2C85&ssl=1\",\"width\":350,\"height\":85,\"caption\":\"SINOM\"},\"image\":{\"@id\":\"https:\/\/sinom.se\/#\/schema\/logo\/image\/\"}}]}<\/script>\n<!-- \/ Yoast SEO plugin. -->","yoast_head_json":{"title":"Kontakta Oss - SINOM","robots":{"index":"index","follow":"follow","max-snippet":"max-snippet:-1","max-image-preview":"max-image-preview:large","max-video-preview":"max-video-preview:-1"},"canonical":"https:\/\/sinom.se\/en\/kontakta-oss\/","og_locale":"en_GB","og_type":"article","og_title":"Kontakta Oss - SINOM","og_description":"Kontakta Oss Nyfiken p\u00e5 att veta mer om Sinom eller har du en fr\u00e5ga till oss? V\u00e4lkommen att h\u00f6ra av dig! Aktivera JavaScript i din webbl\u00e4sare f\u00f6r att fylla i formul\u00e4ret.Aktivera JavaScript i din webbl\u00e4sare f\u00f6r att fylla i formul\u00e4ret. Namn * F\u00f6rstSist Email *Telefonnummer *F\u00f6retag *Medelande * Skicka Denna webbplats \u00e4r skyddad av reCAPTCHA [&hellip;]","og_url":"https:\/\/sinom.se\/en\/kontakta-oss\/","og_site_name":"SINOM","article_modified_time":"2026-02-18T21:01:32+00:00","og_image":[{"url":"https:\/\/sinom.se\/wp-content\/uploads\/2022\/12\/background-larg-logo-dark-purple-150x150.png","type":"","width":"","height":""}],"twitter_card":"summary_large_image","twitter_misc":{"Estimated reading time":"1 minute"},"schema":{"@context":"https:\/\/schema.org","@graph":[{"@type":"WebPage","@id":"https:\/\/sinom.se\/kontakta-oss\/","url":"https:\/\/sinom.se\/kontakta-oss\/","name":"Kontakta Oss - SINOM","isPartOf":{"@id":"https:\/\/sinom.se\/#website"},"primaryImageOfPage":{"@id":"https:\/\/sinom.se\/kontakta-oss\/#primaryimage"},"image":{"@id":"https:\/\/sinom.se\/kontakta-oss\/#primaryimage"},"thumbnailUrl":"https:\/\/sinom.se\/wp-content\/uploads\/2022\/12\/background-larg-logo-dark-purple-150x150.png","datePublished":"2022-10-11T09:32:14+00:00","dateModified":"2026-02-18T21:01:32+00:00","breadcrumb":{"@id":"https:\/\/sinom.se\/kontakta-oss\/#breadcrumb"},"inLanguage":"en-GB","potentialAction":[{"@type":"ReadAction","target":["https:\/\/sinom.se\/kontakta-oss\/"]}]},{"@type":"ImageObject","inLanguage":"en-GB","@id":"https:\/\/sinom.se\/kontakta-oss\/#primaryimage","url":"https:\/\/sinom.se\/wp-content\/uploads\/2022\/12\/background-larg-logo-dark-purple-150x150.png","contentUrl":"https:\/\/sinom.se\/wp-content\/uploads\/2022\/12\/background-larg-logo-dark-purple-150x150.png"},{"@type":"BreadcrumbList","@id":"https:\/\/sinom.se\/kontakta-oss\/#breadcrumb","itemListElement":[{"@type":"ListItem","position":1,"name":"Home","item":"https:\/\/sinom.se\/"},{"@type":"ListItem","position":2,"name":"Kontakta Oss"}]},{"@type":"WebSite","@id":"https:\/\/sinom.se\/#website","url":"https:\/\/sinom.se\/","name":"SINOM","description":"Datadrivet underh\u00e5llssystem","publisher":{"@id":"https:\/\/sinom.se\/#organization"},"potentialAction":[{"@type":"SearchAction","target":{"@type":"EntryPoint","urlTemplate":"https:\/\/sinom.se\/?s={search_term_string}"},"query-input":{"@type":"PropertyValueSpecification","valueRequired":true,"valueName":"search_term_string"}}],"inLanguage":"en-GB"},{"@type":"Organization","@id":"https:\/\/sinom.se\/#organization","name":"SINOM","url":"https:\/\/sinom.se\/","logo":{"@type":"ImageObject","inLanguage":"en-GB","@id":"https:\/\/sinom.se\/#\/schema\/logo\/image\/","url":"https:\/\/i0.wp.com\/sinom.se\/wp-content\/uploads\/2020\/08\/sinom-site-logo.png?fit=350%2C85&ssl=1","contentUrl":"https:\/\/i0.wp.com\/sinom.se\/wp-content\/uploads\/2020\/08\/sinom-site-logo.png?fit=350%2C85&ssl=1","width":350,"height":85,"caption":"SINOM"},"image":{"@id":"https:\/\/sinom.se\/#\/schema\/logo\/image\/"}}]}},"_links":{"self":[{"href":"https:\/\/sinom.se\/en\/wp-json\/wp\/v2\/pages\/688","targetHints":{"allow":["GET"]}}],"collection":[{"href":"https:\/\/sinom.se\/en\/wp-json\/wp\/v2\/pages"}],"about":[{"href":"https:\/\/sinom.se\/en\/wp-json\/wp\/v2\/types\/page"}],"author":[{"embeddable":true,"href":"https:\/\/sinom.se\/en\/wp-json\/wp\/v2\/users\/1"}],"replies":[{"embeddable":true,"href":"https:\/\/sinom.se\/en\/wp-json\/wp\/v2\/comments?post=688"}],"version-history":[{"count":15,"href":"https:\/\/sinom.se\/en\/wp-json\/wp\/v2\/pages\/688\/revisions"}],"predecessor-version":[{"id":9629,"href":"https:\/\/sinom.se\/en\/wp-json\/wp\/v2\/pages\/688\/revisions\/9629"}],"wp:attachment":[{"href":"https:\/\/sinom.se\/en\/wp-json\/wp\/v2\/media?parent=688"}],"curies":[{"name":"wp","href":"https:\/\/api.w.org\/{rel}","templated":true}]}}